{"id":856859,"date":"2026-05-07T05:00:08","date_gmt":"2026-04-22T11:35:11","guid":{"rendered":"https:\/\/missliberte.com\/?post_type=product&#038;p=856859"},"modified":"2026-05-08T11:45:48","modified_gmt":"2026-05-08T09:45:48","slug":"body-shape-organic-cotton-coral-sand","status":"publish","type":"product","link":"https:\/\/missliberte.com\/en\/product\/body-shape-organic-cotton-coral-sand\/","title":{"rendered":"Body Shape | Organic Cotton | Coral Sand"},"content":{"rendered":"        <div class=\"accordion\">\n            <div class=\"accordion--head\">\n                <p>Detailed description<\/p>\n                <span class=\"ic-down-arrow\"><\/span>\n            <\/div>\n            <div class=\"accordion--body\">\n                \n<ul>\n<li>A soft and elastic band under the bust supports your breasts and acts as a bralette<\/li>\n<li>Double-layered, halter-style cups<\/li>\n<li>Comfortable, brazilian-style back<\/li>\n<li>No fastening at the crotch<\/li>\n<li>Adjustable straps on the back, invisible from the front<\/li>\n<li>Can be worn as an intriguing top or as a bottom layer under shirts or jackets<\/li>\n<li>Suitable as a one-piece swimsuit for the beach            <\/div>\n        <\/div>\n        <\/li>\n<\/ul>\n        <div class=\"accordion\">\n            <div class=\"accordion--head\">\n                <p>Size guidelines<\/p>\n                <span class=\"ic-down-arrow\"><\/span>\n            <\/div>\n            <div class=\"accordion--body\">\n                \n<ul>\n<li>Available in 4 sizes: S-XL. See size chart<\/li>\n<li>The garment is elastic and adapts to a variety of shapes. Below are indicative measurements:\n<ul>\n<li>size S &#8211; perfect for cup size A-C and hips size S (86-92 cm)<\/li>\n<li>size M &#8211; perfect for cup size B-D and hips size M (92-98 cm)<\/li>\n<li>size L &#8211; perfect for cup size C-E and hips size L+ (98-104 cm)<\/li>\n<li>size XL &#8211; perfect for cup size D-F and hips size XL+ (104+ cm)<\/li>\n<\/ul>\n<\/li>\n<li>Our model is wearing size S            <\/div>\n        <\/div>\n        <\/li>\n<\/ul>\n        <div class=\"accordion\">\n            <div class=\"accordion--head\">\n                <p>Composition and care<\/p>\n                <span class=\"ic-down-arrow\"><\/span>\n            <\/div>\n            <div class=\"accordion--body\">\n                \n<ul>\n<li>Composition: 95% GOTS organic cotton, 5% elastane<\/li>\n<li>Hand wash at 30&#8217;C<\/li>\n<li>Made in Poland in accordance with the principles of fair trade            <\/div>\n        <\/div>\n        <\/li>\n<\/ul>\n","protected":false},"excerpt":{"rendered":"<ul>\n<li>New design with a hidden bra and a cut-out back<\/li>\n<li>Can be used as an everyday top or a swimsuit<\/li>\n<li>Double-layered cups, with a hidden elastic, provide stable support for your breasts<\/li>\n<li class=\"v1MsoNormal\">Made of natural, breathable, 95% organic cotton with GOTS certificate<\/li>\n<li>MISS LIBERT\u00c9 Skin Collection &#8211; body &amp; eco-friendly<\/li>\n<\/ul>\n[gallery ids=\"5876,5886,5874\"]\n<p>&nbsp;<\/p>\n","protected":false},"featured_media":897456,"template":"","meta":{"_acf_changed":false},"product_brand":[],"product_cat":[1631,1192,1438,1449,1194,737,765],"product_tag":[1060,767,761,955,1505,997],"class_list":{"0":"post-856859","1":"product","2":"type-product","3":"status-publish","4":"has-post-thumbnail","6":"product_cat-coral-sand-en","7":"product_cat-underwear","8":"product_cat-underwear-skin","9":"product_cat-underwear-skin-body","10":"product_cat-vacation-shop-en","11":"product_cat-organic--miss-liberte-skin-en","12":"product_cat-body-en","13":"product_tag-body-en","14":"product_tag-cotton","15":"product_tag-en","16":"product_tag-lingerie","17":"product_tag-new-en","18":"product_tag-skin-en","19":"pa_colour-pink-en","20":"pa_colour-orange-en","21":"pa_colour-red-en","22":"pa_fabric-organic-cotton-en","23":"pa_size-size-s-en","24":"pa_size-size-m-en","25":"pa_size-size-l-en","26":"pa_size-size-xl-en","27":"pa_styles-body-en","29":"first","30":"instock","31":"taxable","32":"shipping-taxable","33":"purchasable","34":"product-type-variable"},"supplier_id":null,"supplier_sku":"","barcode":null,"atum_controlled":true,"out_stock_date":null,"out_stock_threshold":null,"inheritable":true,"inbound_stock":0,"stock_on_hold":0,"sold_today":0,"sales_last_days":1,"reserved_stock":0,"customer_returns":0,"warehouse_damage":0,"lost_in_post":0,"other_logs":0,"out_stock_days":0,"lost_sales":0,"has_location":false,"update_date":"2026-05-14T05:10:07","atum_locations":[],"atum_stock_status":"instock","restock_status":true,"low_stock_amount":2,"sales_update_date":"2026-05-14T05:10:06","calc_backorders":null,"acf":[],"yoast_head":"<!-- This site is optimized with the Yoast SEO plugin v25.2 - https:\/\/yoast.com\/wordpress\/plugins\/seo\/ -->\n<title>Body Shape | Organic Cotton | Coral Sand | MISS LIBERT\u00c9<\/title>\n<meta name=\"description\" content=\"Feminine body from MISS LIBERT\u00c9 Skin collection. Can be used for tanning or as a swimsuit during weekend and holiday trips.\" \/>\n<meta name=\"robots\" content=\"index, follow, max-snippet:-1, max-image-preview:large, max-video-preview:-1\" \/>\n<link rel=\"canonical\" href=\"https:\/\/missliberte.com\/en\/product\/body-shape-organic-cotton-coral-sand\/\" \/>\n<meta property=\"og:locale\" content=\"en_US\" \/>\n<meta property=\"og:type\" content=\"article\" \/>\n<meta property=\"og:title\" content=\"Body Shape | Organic Cotton | Coral Sand | MISS LIBERT\u00c9\" \/>\n<meta property=\"og:description\" content=\"Feminine body from MISS LIBERT\u00c9 Skin collection. Can be used for tanning or as a swimsuit during weekend and holiday trips.\" \/>\n<meta property=\"og:url\" content=\"https:\/\/missliberte.com\/en\/product\/body-shape-organic-cotton-coral-sand\/\" \/>\n<meta property=\"og:site_name\" content=\"MISS LIBERT\u00c9 \u2022 Oficjalny Sklep Online |\" \/>\n<meta property=\"article:publisher\" content=\"https:\/\/www.facebook.com\/misslibertevarsovie\/\" \/>\n<meta property=\"article:modified_time\" content=\"2026-05-08T09:45:48+00:00\" \/>\n<meta property=\"og:image\" content=\"https:\/\/missliberte.com\/app\/uploads\/2022\/08\/Miss_Librte_LOGO1.png\" \/>\n\t<meta property=\"og:image:width\" content=\"600\" \/>\n\t<meta property=\"og:image:height\" content=\"249\" \/>\n\t<meta property=\"og:image:type\" content=\"image\/png\" \/>\n<meta name=\"twitter:card\" content=\"summary_large_image\" \/>\n<meta name=\"twitter:label1\" content=\"Est. reading time\" \/>\n\t<meta name=\"twitter:data1\" content=\"1 minute\" \/>\n<script type=\"application\/ld+json\" class=\"yoast-schema-graph\">{\"@context\":\"https:\/\/schema.org\",\"@graph\":[{\"@type\":\"WebPage\",\"@id\":\"https:\/\/missliberte.com\/en\/product\/body-shape-organic-cotton-coral-sand\/\",\"url\":\"https:\/\/missliberte.com\/en\/product\/body-shape-organic-cotton-coral-sand\/\",\"name\":\"Body Shape | Organic Cotton | Coral Sand | MISS LIBERT\u00c9\",\"isPartOf\":{\"@id\":\"https:\/\/missliberte.com\/en\/#website\"},\"primaryImageOfPage\":{\"@id\":\"https:\/\/missliberte.com\/en\/product\/body-shape-organic-cotton-coral-sand\/#primaryimage\"},\"image\":{\"@id\":\"https:\/\/missliberte.com\/en\/product\/body-shape-organic-cotton-coral-sand\/#primaryimage\"},\"thumbnailUrl\":\"https:\/\/missliberte.com\/app\/uploads\/2026\/05\/MISS-LIBERTE-Skin_Coral-Sand_6-1.jpg\",\"datePublished\":\"2026-04-22T11:35:11+00:00\",\"dateModified\":\"2026-05-08T09:45:48+00:00\",\"description\":\"Feminine body from MISS LIBERT\u00c9 Skin collection. Can be used for tanning or as a swimsuit during weekend and holiday trips.\",\"breadcrumb\":{\"@id\":\"https:\/\/missliberte.com\/en\/product\/body-shape-organic-cotton-coral-sand\/#breadcrumb\"},\"inLanguage\":\"en-US\",\"potentialAction\":[{\"@type\":\"ReadAction\",\"target\":[\"https:\/\/missliberte.com\/en\/product\/body-shape-organic-cotton-coral-sand\/\"]}]},{\"@type\":\"ImageObject\",\"inLanguage\":\"en-US\",\"@id\":\"https:\/\/missliberte.com\/en\/product\/body-shape-organic-cotton-coral-sand\/#primaryimage\",\"url\":\"https:\/\/missliberte.com\/app\/uploads\/2026\/05\/MISS-LIBERTE-Skin_Coral-Sand_6-1.jpg\",\"contentUrl\":\"https:\/\/missliberte.com\/app\/uploads\/2026\/05\/MISS-LIBERTE-Skin_Coral-Sand_6-1.jpg\",\"width\":900,\"height\":1200},{\"@type\":\"BreadcrumbList\",\"@id\":\"https:\/\/missliberte.com\/en\/product\/body-shape-organic-cotton-coral-sand\/#breadcrumb\",\"itemListElement\":[{\"@type\":\"ListItem\",\"position\":1,\"name\":\"Home\",\"item\":\"https:\/\/missliberte.com\/en\/\"},{\"@type\":\"ListItem\",\"position\":2,\"name\":\"Shop\",\"item\":\"https:\/\/missliberte.com\/en\/shop-collection\/\"},{\"@type\":\"ListItem\",\"position\":3,\"name\":\"Collections\",\"item\":\"https:\/\/missliberte.com\/en\/product-category\/collections\/\"},{\"@type\":\"ListItem\",\"position\":4,\"name\":\"Organic \u2661 MISS LIBERT\u00c9 Skin\",\"item\":\"https:\/\/missliberte.com\/en\/product-category\/collections\/organic-%e2%99%a1-miss-liberte-skin-en\/\"},{\"@type\":\"ListItem\",\"position\":5,\"name\":\"Prywatne: Body Shape | Organic Cotton | Coral Sand\"}]},{\"@type\":\"WebSite\",\"@id\":\"https:\/\/missliberte.com\/en\/#website\",\"url\":\"https:\/\/missliberte.com\/en\/\",\"name\":\"MISS LIBERT\u00c9 \u2022 Oficjalny Sklep z Bielizn\u0105 |\",\"description\":\"Oryginalna i swobodna bielizna dla wolnych kobiet. Zajrzyj do naszego sklepu online by znale\u017a\u0107 swoj\u0105 idealn\u0105 #libertelingerie. Darmowa wymiana i zwroty.\",\"publisher\":{\"@id\":\"https:\/\/missliberte.com\/en\/#organization\"},\"potentialAction\":[{\"@type\":\"SearchAction\",\"target\":{\"@type\":\"EntryPoint\",\"urlTemplate\":\"https:\/\/missliberte.com\/en\/?s={search_term_string}\"},\"query-input\":{\"@type\":\"PropertyValueSpecification\",\"valueRequired\":true,\"valueName\":\"search_term_string\"}}],\"inLanguage\":\"en-US\"},{\"@type\":\"Organization\",\"@id\":\"https:\/\/missliberte.com\/en\/#organization\",\"name\":\"MISS LIBERT\u00c9 \u2022 Oficjalny Sklep Online |\",\"url\":\"https:\/\/missliberte.com\/en\/\",\"logo\":{\"@type\":\"ImageObject\",\"inLanguage\":\"en-US\",\"@id\":\"https:\/\/missliberte.com\/en\/#\/schema\/logo\/image\/\",\"url\":\"https:\/\/missliberte.com\/app\/uploads\/2021\/11\/Miss_Librte_LOGO.png\",\"contentUrl\":\"https:\/\/missliberte.com\/app\/uploads\/2021\/11\/Miss_Librte_LOGO.png\",\"width\":600,\"height\":249,\"caption\":\"MISS LIBERT\u00c9 \u2022 Oficjalny Sklep Online |\"},\"image\":{\"@id\":\"https:\/\/missliberte.com\/en\/#\/schema\/logo\/image\/\"},\"sameAs\":[\"https:\/\/www.facebook.com\/misslibertevarsovie\/\",\"https:\/\/www.instagram.com\/misslibertevarsovie\/\"]}]}<\/script>\n<!-- \/ Yoast SEO plugin. -->","yoast_head_json":{"title":"Body Shape | Organic Cotton | Coral Sand | MISS LIBERT\u00c9","description":"Feminine body from MISS LIBERT\u00c9 Skin collection. Can be used for tanning or as a swimsuit during weekend and holiday trips.","robots":{"index":"index","follow":"follow","max-snippet":"max-snippet:-1","max-image-preview":"max-image-preview:large","max-video-preview":"max-video-preview:-1"},"canonical":"https:\/\/missliberte.com\/en\/product\/body-shape-organic-cotton-coral-sand\/","og_locale":"en_US","og_type":"article","og_title":"Body Shape | Organic Cotton | Coral Sand | MISS LIBERT\u00c9","og_description":"Feminine body from MISS LIBERT\u00c9 Skin collection. Can be used for tanning or as a swimsuit during weekend and holiday trips.","og_url":"https:\/\/missliberte.com\/en\/product\/body-shape-organic-cotton-coral-sand\/","og_site_name":"MISS LIBERT\u00c9 \u2022 Oficjalny Sklep Online |","article_publisher":"https:\/\/www.facebook.com\/misslibertevarsovie\/","article_modified_time":"2026-05-08T09:45:48+00:00","og_image":[{"width":600,"height":249,"url":"https:\/\/missliberte.com\/app\/uploads\/2022\/08\/Miss_Librte_LOGO1.png","type":"image\/png"}],"twitter_card":"summary_large_image","twitter_misc":{"Est. reading time":"1 minute"},"schema":{"@context":"https:\/\/schema.org","@graph":[{"@type":"WebPage","@id":"https:\/\/missliberte.com\/en\/product\/body-shape-organic-cotton-coral-sand\/","url":"https:\/\/missliberte.com\/en\/product\/body-shape-organic-cotton-coral-sand\/","name":"Body Shape | Organic Cotton | Coral Sand | MISS LIBERT\u00c9","isPartOf":{"@id":"https:\/\/missliberte.com\/en\/#website"},"primaryImageOfPage":{"@id":"https:\/\/missliberte.com\/en\/product\/body-shape-organic-cotton-coral-sand\/#primaryimage"},"image":{"@id":"https:\/\/missliberte.com\/en\/product\/body-shape-organic-cotton-coral-sand\/#primaryimage"},"thumbnailUrl":"https:\/\/missliberte.com\/app\/uploads\/2026\/05\/MISS-LIBERTE-Skin_Coral-Sand_6-1.jpg","datePublished":"2026-04-22T11:35:11+00:00","dateModified":"2026-05-08T09:45:48+00:00","description":"Feminine body from MISS LIBERT\u00c9 Skin collection. Can be used for tanning or as a swimsuit during weekend and holiday trips.","breadcrumb":{"@id":"https:\/\/missliberte.com\/en\/product\/body-shape-organic-cotton-coral-sand\/#breadcrumb"},"inLanguage":"en-US","potentialAction":[{"@type":"ReadAction","target":["https:\/\/missliberte.com\/en\/product\/body-shape-organic-cotton-coral-sand\/"]}]},{"@type":"ImageObject","inLanguage":"en-US","@id":"https:\/\/missliberte.com\/en\/product\/body-shape-organic-cotton-coral-sand\/#primaryimage","url":"https:\/\/missliberte.com\/app\/uploads\/2026\/05\/MISS-LIBERTE-Skin_Coral-Sand_6-1.jpg","contentUrl":"https:\/\/missliberte.com\/app\/uploads\/2026\/05\/MISS-LIBERTE-Skin_Coral-Sand_6-1.jpg","width":900,"height":1200},{"@type":"BreadcrumbList","@id":"https:\/\/missliberte.com\/en\/product\/body-shape-organic-cotton-coral-sand\/#breadcrumb","itemListElement":[{"@type":"ListItem","position":1,"name":"Home","item":"https:\/\/missliberte.com\/en\/"},{"@type":"ListItem","position":2,"name":"Shop","item":"https:\/\/missliberte.com\/en\/shop-collection\/"},{"@type":"ListItem","position":3,"name":"Collections","item":"https:\/\/missliberte.com\/en\/product-category\/collections\/"},{"@type":"ListItem","position":4,"name":"Organic \u2661 MISS LIBERT\u00c9 Skin","item":"https:\/\/missliberte.com\/en\/product-category\/collections\/organic-%e2%99%a1-miss-liberte-skin-en\/"},{"@type":"ListItem","position":5,"name":"Prywatne: Body Shape | Organic Cotton | Coral Sand"}]},{"@type":"WebSite","@id":"https:\/\/missliberte.com\/en\/#website","url":"https:\/\/missliberte.com\/en\/","name":"MISS LIBERT\u00c9 \u2022 Oficjalny Sklep z Bielizn\u0105 |","description":"Oryginalna i swobodna bielizna dla wolnych kobiet. Zajrzyj do naszego sklepu online by znale\u017a\u0107 swoj\u0105 idealn\u0105 #libertelingerie. Darmowa wymiana i zwroty.","publisher":{"@id":"https:\/\/missliberte.com\/en\/#organization"},"potentialAction":[{"@type":"SearchAction","target":{"@type":"EntryPoint","urlTemplate":"https:\/\/missliberte.com\/en\/?s={search_term_string}"},"query-input":{"@type":"PropertyValueSpecification","valueRequired":true,"valueName":"search_term_string"}}],"inLanguage":"en-US"},{"@type":"Organization","@id":"https:\/\/missliberte.com\/en\/#organization","name":"MISS LIBERT\u00c9 \u2022 Oficjalny Sklep Online |","url":"https:\/\/missliberte.com\/en\/","logo":{"@type":"ImageObject","inLanguage":"en-US","@id":"https:\/\/missliberte.com\/en\/#\/schema\/logo\/image\/","url":"https:\/\/missliberte.com\/app\/uploads\/2021\/11\/Miss_Librte_LOGO.png","contentUrl":"https:\/\/missliberte.com\/app\/uploads\/2021\/11\/Miss_Librte_LOGO.png","width":600,"height":249,"caption":"MISS LIBERT\u00c9 \u2022 Oficjalny Sklep Online |"},"image":{"@id":"https:\/\/missliberte.com\/en\/#\/schema\/logo\/image\/"},"sameAs":["https:\/\/www.facebook.com\/misslibertevarsovie\/","https:\/\/www.instagram.com\/misslibertevarsovie\/"]}]}},"_links":{"self":[{"href":"https:\/\/missliberte.com\/en\/wp-json\/wp\/v2\/product\/856859","targetHints":{"allow":["GET"]}}],"collection":[{"href":"https:\/\/missliberte.com\/en\/wp-json\/wp\/v2\/product"}],"about":[{"href":"https:\/\/missliberte.com\/en\/wp-json\/wp\/v2\/types\/product"}],"wp:featuredmedia":[{"embeddable":true,"href":"https:\/\/missliberte.com\/en\/wp-json\/wp\/v2\/media\/897456"}],"wp:attachment":[{"href":"https:\/\/missliberte.com\/en\/wp-json\/wp\/v2\/media?parent=856859"}],"wp:term":[{"taxonomy":"product_brand","embeddable":true,"href":"https:\/\/missliberte.com\/en\/wp-json\/wp\/v2\/product_brand?post=856859"},{"taxonomy":"product_cat","embeddable":true,"href":"https:\/\/missliberte.com\/en\/wp-json\/wp\/v2\/product_cat?post=856859"},{"taxonomy":"product_tag","embeddable":true,"href":"https:\/\/missliberte.com\/en\/wp-json\/wp\/v2\/product_tag?post=856859"}],"curies":[{"name":"wp","href":"https:\/\/api.w.org\/{rel}","templated":true}]}}